{"id":19,"date":"2015-09-18T20:36:29","date_gmt":"2015-09-18T20:36:29","guid":{"rendered":"http:\/\/uahe.es\/wordpress\/?page_id=19"},"modified":"2015-09-18T20:36:29","modified_gmt":"2015-09-18T20:36:29","slug":"condiciones","status":"publish","type":"page","link":"https:\/\/uahe.es\/wordpress\/?page_id=19","title":{"rendered":"Condiciones"},"content":{"rendered":"<div class=\"entry-content\">\n<p>Podr\u00e1n solicitar su ingreso en la <strong>Uni\u00f3n de Almacenistas de Hierros de Espa\u00f1a<\/strong>, las personas naturales o jur\u00eddicas que, observando las disposiciones vigentes en cada momento, se dediquen al comercio y\/o importaci\u00f3n de hierro y acero com\u00fan, tanto al por mayor como al detalle, con almac\u00e9n abierto al p\u00fablico.<\/p>\n<p>Podr\u00e1n formar parte de la asociaci\u00f3n, con el car\u00e1cter de miembros honor\u00edficos, adheridos o colaboradores, otras personas o entidades que sin desarrollar la actividad se\u00f1alada en el p\u00e1rrafo anterior puedan coadyuvar eficazmente al cumplimiento de sus fines, a juicio de la Junta Directiva.<\/p>\n<p>(Art\u00edculos 9.1 y 9.2 de los Estatutos UAHE)<\/p>\n<div><\/div>\n<\/div>\n<footer class=\"entry-meta\"><\/footer>\n","protected":false},"excerpt":{"rendered":"<p>Podr\u00e1n solicitar su ingreso en la Uni\u00f3n de Almacenistas de Hierros de Espa\u00f1a, las personas naturales o jur\u00eddicas que, observando las disposiciones vigentes en cada momento, se dediquen al comercio y\/o importaci\u00f3n de hierro y acero com\u00fan, tanto al por mayor como al detalle, con almac\u00e9n abierto al p\u00fablico. Podr\u00e1n formar parte de la asociaci\u00f3n, [&hellip;]<\/p>\n","protected":false},"author":1,"featured_media":0,"parent":0,"menu_order":0,"comment_status":"closed","ping_status":"closed","template":"","meta":{"_uag_custom_page_level_css":"","site-sidebar-layout":"default","site-content-layout":"","ast-site-content-layout":"default","site-content-style":"default","site-sidebar-style":"default","ast-global-header-display":"","ast-banner-title-visibility":"","ast-main-header-display":"","ast-hfb-above-header-display":"","ast-hfb-below-header-display":"","ast-hfb-mobile-header-display":"","site-post-title":"","ast-breadcrumbs-content":"","ast-featured-img":"","footer-sml-layout":"","ast-disable-related-posts":"","theme-transparent-header-meta":"","adv-header-id-meta":"","stick-header-meta":"","header-above-stick-meta":"","header-main-stick-meta":"","header-below-stick-meta":"","astra-migrate-meta-layouts":"default","ast-page-background-enabled":"default","ast-page-background-meta":{"desktop":{"background-color":"var(--ast-global-color-4)","background-image":"","background-repeat":"repeat","background-position":"center center","background-size":"auto","background-attachment":"scroll","background-type":"","background-media":"","overlay-type":"","overlay-color":"","overlay-opacity":"","overlay-gradient":""},"tablet":{"background-color":"","background-image":"","background-repeat":"repeat","background-position":"center center","background-size":"auto","background-attachment":"scroll","background-type":"","background-media":"","overlay-type":"","overlay-color":"","overlay-opacity":"","overlay-gradient":""},"mobile":{"background-color":"","background-image":"","background-repeat":"repeat","background-position":"center center","background-size":"auto","background-attachment":"scroll","background-type":"","background-media":"","overlay-type":"","overlay-color":"","overlay-opacity":"","overlay-gradient":""}},"ast-content-background-meta":{"desktop":{"background-color":"var(--ast-global-color-5)","background-image":"","background-repeat":"repeat","background-position":"center center","background-size":"auto","background-attachment":"scroll","background-type":"","background-media":"","overlay-type":"","overlay-color":"","overlay-opacity":"","overlay-gradient":""},"tablet":{"background-color":"var(--ast-global-color-5)","background-image":"","background-repeat":"repeat","background-position":"center center","background-size":"auto","background-attachment":"scroll","background-type":"","background-media":"","overlay-type":"","overlay-color":"","overlay-opacity":"","overlay-gradient":""},"mobile":{"background-color":"var(--ast-global-color-5)","background-image":"","background-repeat":"repeat","background-position":"center center","background-size":"auto","background-attachment":"scroll","background-type":"","background-media":"","overlay-type":"","overlay-color":"","overlay-opacity":"","overlay-gradient":""}},"footnotes":""},"class_list":["post-19","page","type-page","status-publish","hentry"],"uagb_featured_image_src":{"full":false,"thumbnail":false,"medium":false,"medium_large":false,"large":false,"1536x1536":false,"2048x2048":false},"uagb_author_info":{"display_name":"UAHE","author_link":"https:\/\/uahe.es\/wordpress\/?author=1"},"uagb_comment_info":0,"uagb_excerpt":"Podr\u00e1n solicitar su ingreso en la Uni\u00f3n de Almacenistas de Hierros de Espa\u00f1a, las personas naturales o jur\u00eddicas que, observando las disposiciones vigentes en cada momento, se dediquen al comercio y\/o importaci\u00f3n de hierro y acero com\u00fan, tanto al por mayor como al detalle, con almac\u00e9n abierto al p\u00fablico. Podr\u00e1n formar parte de la asociaci\u00f3n,&hellip;","_links":{"self":[{"href":"https:\/\/uahe.es\/wordpress\/index.php?rest_route=\/wp\/v2\/pages\/19","targetHints":{"allow":["GET"]}}],"collection":[{"href":"https:\/\/uahe.es\/wordpress\/index.php?rest_route=\/wp\/v2\/pages"}],"about":[{"href":"https:\/\/uahe.es\/wordpress\/index.php?rest_route=\/wp\/v2\/types\/page"}],"author":[{"embeddable":true,"href":"https:\/\/uahe.es\/wordpress\/index.php?rest_route=\/wp\/v2\/users\/1"}],"replies":[{"embeddable":true,"href":"https:\/\/uahe.es\/wordpress\/index.php?rest_route=%2Fwp%2Fv2%2Fcomments&post=19"}],"version-history":[{"count":1,"href":"https:\/\/uahe.es\/wordpress\/index.php?rest_route=\/wp\/v2\/pages\/19\/revisions"}],"predecessor-version":[{"id":20,"href":"https:\/\/uahe.es\/wordpress\/index.php?rest_route=\/wp\/v2\/pages\/19\/revisions\/20"}],"wp:attachment":[{"href":"https:\/\/uahe.es\/wordpress\/index.php?rest_route=%2Fwp%2Fv2%2Fmedia&parent=19"}],"curies":[{"name":"wp","href":"https:\/\/api.w.org\/{rel}","templated":true}]}}