{"id":1525,"date":"2016-01-27T10:55:32","date_gmt":"2016-01-27T09:55:32","guid":{"rendered":"http:\/\/uahe.es\/wordpress\/?page_id=1525"},"modified":"2023-06-24T08:27:03","modified_gmt":"2023-06-24T07:27:03","slug":"segunda-mano","status":"publish","type":"page","link":"https:\/\/uahe.es\/wordpress\/?page_id=1525","title":{"rendered":"Segunda Mano"},"content":{"rendered":"<p><strong><span style=\"color: #ff6600;\">Maquinaria a la venta en enero 2016<\/span><\/strong><\/p>\n<p><strong>LAMINADOR TREN DE CUARTO<\/strong><\/p>\n<p>Caracter\u00edsticas:\u00a0 Tren cuarto, no reversible<\/p>\n<p>Di\u00e1metro de cilindros de apoyo: 440mm.<br \/>\nDi\u00e1metro de cilindros de trabajo: 180 mm.<br \/>\nTabla de cilindros: 385 mm.<br \/>\nTren apto y robusto para laminar espesores medios de entrada y bajo en carbono.<br \/>\nEstado: \u00d3ptimo.<br \/>\nPrecio:\u00a0 A negociar.<\/p>\n<p>Periodo de Vigencia de la oferta: Salvo venta<\/p>\n<p><strong>Contacto:<\/strong>\u00a0 <span style=\"color: #ff0000;\">Gorka Cuevas<\/span><br \/>\n<strong>Tel\u00e9fono:<\/strong>\u00a0 946 31 34 41<br \/>\n<strong>E-mail:<\/strong> gcuevas@cuher.es<\/p>\n<p><span style=\"color: #3366ff;\"><em>En este espacio de nuestra web, puede anunciar art\u00edculos ( maquinaria, veh\u00edculos&#8230;) que desee poner a la venta.<\/em><\/span><\/p>\n<p><span style=\"color: #3366ff;\"><em>Para hacerlo, s\u00f3lo tendr\u00e1 que enviarnos un correo electr\u00f3nico facilit\u00e1ndonos las caracter\u00edsticas, precio y alguna foto del material para que procedamos a publicarlo en alguna de las secciones indicadas.<\/em><\/span><\/p>\n<p><span style=\"color: #3366ff;\"><em>Si desea m\u00e1s informaci\u00f3n, no dude en contactar con UAHE en el tel\u00e9fono: 91 411 06 98 o a trav\u00e9s del correo: consultas@uahe.info<\/em><\/span><\/p>\n<p><span style=\"color: #ff6600;\">*Servicio gratuito para empresas asociadas a la UAHE<\/span><\/p>\n","protected":false},"excerpt":{"rendered":"<p>Maquinaria a la venta en enero 2016 LAMINADOR TREN DE CUARTO Caracter\u00edsticas:\u00a0 Tren cuarto, no reversible Di\u00e1metro de cilindros de apoyo: 440mm. Di\u00e1metro de cilindros de trabajo: 180 mm. Tabla de cilindros: 385 mm. Tren apto y robusto para laminar espesores medios de entrada y bajo en carbono. Estado: \u00d3ptimo. Precio:\u00a0 A negociar. Periodo de [&hellip;]<\/p>\n","protected":false},"author":1,"featured_media":0,"parent":0,"menu_order":0,"comment_status":"closed","ping_status":"closed","template":"","meta":{"_uag_custom_page_level_css":"","site-sidebar-layout":"default","site-content-layout":"","ast-site-content-layout":"default","site-content-style":"default","site-sidebar-style":"default","ast-global-header-display":"","ast-banner-title-visibility":"","ast-main-header-display":"","ast-hfb-above-header-display":"","ast-hfb-below-header-display":"","ast-hfb-mobile-header-display":"","site-post-title":"","ast-breadcrumbs-content":"","ast-featured-img":"","footer-sml-layout":"","ast-disable-related-posts":"","theme-transparent-header-meta":"","adv-header-id-meta":"","stick-header-meta":"","header-above-stick-meta":"","header-main-stick-meta":"","header-below-stick-meta":"","astra-migrate-meta-layouts":"default","ast-page-background-enabled":"default","ast-page-background-meta":{"desktop":{"background-color":"var(--ast-global-color-4)","background-image":"","background-repeat":"repeat","background-position":"center center","background-size":"auto","background-attachment":"scroll","background-type":"","background-media":"","overlay-type":"","overlay-color":"","overlay-opacity":"","overlay-gradient":""},"tablet":{"background-color":"","background-image":"","background-repeat":"repeat","background-position":"center center","background-size":"auto","background-attachment":"scroll","background-type":"","background-media":"","overlay-type":"","overlay-color":"","overlay-opacity":"","overlay-gradient":""},"mobile":{"background-color":"","background-image":"","background-repeat":"repeat","background-position":"center center","background-size":"auto","background-attachment":"scroll","background-type":"","background-media":"","overlay-type":"","overlay-color":"","overlay-opacity":"","overlay-gradient":""}},"ast-content-background-meta":{"desktop":{"background-color":"var(--ast-global-color-5)","background-image":"","background-repeat":"repeat","background-position":"center center","background-size":"auto","background-attachment":"scroll","background-type":"","background-media":"","overlay-type":"","overlay-color":"","overlay-opacity":"","overlay-gradient":""},"tablet":{"background-color":"var(--ast-global-color-5)","background-image":"","background-repeat":"repeat","background-position":"center center","background-size":"auto","background-attachment":"scroll","background-type":"","background-media":"","overlay-type":"","overlay-color":"","overlay-opacity":"","overlay-gradient":""},"mobile":{"background-color":"var(--ast-global-color-5)","background-image":"","background-repeat":"repeat","background-position":"center center","background-size":"auto","background-attachment":"scroll","background-type":"","background-media":"","overlay-type":"","overlay-color":"","overlay-opacity":"","overlay-gradient":""}},"footnotes":""},"class_list":["post-1525","page","type-page","status-publish","hentry"],"uagb_featured_image_src":{"full":false,"thumbnail":false,"medium":false,"medium_large":false,"large":false,"1536x1536":false,"2048x2048":false},"uagb_author_info":{"display_name":"UAHE","author_link":"https:\/\/uahe.es\/wordpress\/?author=1"},"uagb_comment_info":0,"uagb_excerpt":"Maquinaria a la venta en enero 2016 LAMINADOR TREN DE CUARTO Caracter\u00edsticas:\u00a0 Tren cuarto, no reversible Di\u00e1metro de cilindros de apoyo: 440mm. Di\u00e1metro de cilindros de trabajo: 180 mm. Tabla de cilindros: 385 mm. Tren apto y robusto para laminar espesores medios de entrada y bajo en carbono. Estado: \u00d3ptimo. Precio:\u00a0 A negociar. Periodo de&hellip;","_links":{"self":[{"href":"https:\/\/uahe.es\/wordpress\/index.php?rest_route=\/wp\/v2\/pages\/1525","targetHints":{"allow":["GET"]}}],"collection":[{"href":"https:\/\/uahe.es\/wordpress\/index.php?rest_route=\/wp\/v2\/pages"}],"about":[{"href":"https:\/\/uahe.es\/wordpress\/index.php?rest_route=\/wp\/v2\/types\/page"}],"author":[{"embeddable":true,"href":"https:\/\/uahe.es\/wordpress\/index.php?rest_route=\/wp\/v2\/users\/1"}],"replies":[{"embeddable":true,"href":"https:\/\/uahe.es\/wordpress\/index.php?rest_route=%2Fwp%2Fv2%2Fcomments&post=1525"}],"version-history":[{"count":3,"href":"https:\/\/uahe.es\/wordpress\/index.php?rest_route=\/wp\/v2\/pages\/1525\/revisions"}],"predecessor-version":[{"id":8251,"href":"https:\/\/uahe.es\/wordpress\/index.php?rest_route=\/wp\/v2\/pages\/1525\/revisions\/8251"}],"wp:attachment":[{"href":"https:\/\/uahe.es\/wordpress\/index.php?rest_route=%2Fwp%2Fv2%2Fmedia&parent=1525"}],"curies":[{"name":"wp","href":"https:\/\/api.w.org\/{rel}","templated":true}]}}